{"id":521,"date":"2023-02-27T14:01:23","date_gmt":"2023-02-27T14:01:23","guid":{"rendered":"https:\/\/genesis-afrique.com\/store\/?post_type=product&#038;p=521"},"modified":"2023-02-27T14:01:24","modified_gmt":"2023-02-27T14:01:24","slug":"smart-watch-i-sw1005-iconix","status":"publish","type":"product","link":"https:\/\/genesis-afrique.com\/store\/produit\/smart-watch-i-sw1005-iconix\/","title":{"rendered":"Smart Watch I-SW1005 &#8211; ICONIX"},"content":{"rendered":"<p>Caract\u00e9ristiques :<\/p>\n<p class=\"_aacl _aaco _aacu _aacx _aad7 _aade\">_ \u00c9cran IPS HD 1,92&Prime;<br \/>\n_ Fr\u00e9quence cardiaque &#8211; Waterproof<br \/>\n_ Moniteur de sommeil &#8211; M\u00e9t\u00e9o<br \/>\n_ Sports multiples &#8211; R\u00e9veil<\/p>\n","protected":false},"excerpt":{"rendered":"<p>Caract\u00e9ristiques : _ \u00c9cran IPS HD 1,92&Prime; _ Fr\u00e9quence cardiaque &#8211; Waterproof _ Moniteur de sommeil &#8211; M\u00e9t\u00e9o _ Sports&hellip;<\/p>\n","protected":false},"featured_media":522,"comment_status":"open","ping_status":"closed","template":"","meta":{"om_disable_all_campaigns":false},"product_brand":[],"product_cat":[27],"product_tag":[],"class_list":{"0":"post-521","1":"product","2":"type-product","3":"status-publish","4":"has-post-thumbnail","6":"product_cat-electronique-electromenager","8":"first","9":"instock","10":"featured","11":"shipping-taxable","12":"purchasable","13":"product-type-simple"},"_links":{"self":[{"href":"https:\/\/genesis-afrique.com\/store\/wp-json\/wp\/v2\/product\/521","targetHints":{"allow":["GET"]}}],"collection":[{"href":"https:\/\/genesis-afrique.com\/store\/wp-json\/wp\/v2\/product"}],"about":[{"href":"https:\/\/genesis-afrique.com\/store\/wp-json\/wp\/v2\/types\/product"}],"replies":[{"embeddable":true,"href":"https:\/\/genesis-afrique.com\/store\/wp-json\/wp\/v2\/comments?post=521"}],"wp:featuredmedia":[{"embeddable":true,"href":"https:\/\/genesis-afrique.com\/store\/wp-json\/wp\/v2\/media\/522"}],"wp:attachment":[{"href":"https:\/\/genesis-afrique.com\/store\/wp-json\/wp\/v2\/media?parent=521"}],"wp:term":[{"taxonomy":"product_brand","embeddable":true,"href":"https:\/\/genesis-afrique.com\/store\/wp-json\/wp\/v2\/product_brand?post=521"},{"taxonomy":"product_cat","embeddable":true,"href":"https:\/\/genesis-afrique.com\/store\/wp-json\/wp\/v2\/product_cat?post=521"},{"taxonomy":"product_tag","embeddable":true,"href":"https:\/\/genesis-afrique.com\/store\/wp-json\/wp\/v2\/product_tag?post=521"}],"curies":[{"name":"wp","href":"https:\/\/api.w.org\/{rel}","templated":true}]}}