{"id":525,"date":"2023-02-27T15:05:29","date_gmt":"2023-02-27T15:05:29","guid":{"rendered":"https:\/\/genesis-afrique.com\/store\/?post_type=product&#038;p=525"},"modified":"2023-02-27T15:15:12","modified_gmt":"2023-02-27T15:15:12","slug":"smart-watch-mw06-modio","status":"publish","type":"product","link":"https:\/\/genesis-afrique.com\/store\/produit\/smart-watch-mw06-modio\/","title":{"rendered":"Smart Watch MW06 &#8211; MODIO"},"content":{"rendered":"<p>Caract\u00e9ristiques :<\/p>\n<p class=\"_aacl _aaco _aacu _aacx _aad7 _aade\">_ \u00c9cran IPS HD 1,75&Prime;<br \/>\n_ Minuterie &#8211; Chronom\u00e8tre &#8211; R\u00e9veil<br \/>\n_ Podom\u00e8tre &#8211; Moniteur de sommeil &#8211; Fr\u00e9quence cardiaque<br \/>\n_ SMS &#8211; Appels &#8211; Bluetooth<\/p>\n","protected":false},"excerpt":{"rendered":"<p>Caract\u00e9ristiques : _ \u00c9cran IPS HD 1,75&Prime; _ Minuterie &#8211; Chronom\u00e8tre &#8211; R\u00e9veil _ Podom\u00e8tre &#8211; Moniteur de sommeil &#8211;&hellip;<\/p>\n","protected":false},"featured_media":526,"comment_status":"open","ping_status":"closed","template":"","meta":{"om_disable_all_campaigns":false},"product_brand":[],"product_cat":[27],"product_tag":[],"class_list":{"0":"post-525","1":"product","2":"type-product","3":"status-publish","4":"has-post-thumbnail","6":"product_cat-electronique-electromenager","8":"first","9":"instock","10":"featured","11":"shipping-taxable","12":"purchasable","13":"product-type-simple"},"_links":{"self":[{"href":"https:\/\/genesis-afrique.com\/store\/wp-json\/wp\/v2\/product\/525","targetHints":{"allow":["GET"]}}],"collection":[{"href":"https:\/\/genesis-afrique.com\/store\/wp-json\/wp\/v2\/product"}],"about":[{"href":"https:\/\/genesis-afrique.com\/store\/wp-json\/wp\/v2\/types\/product"}],"replies":[{"embeddable":true,"href":"https:\/\/genesis-afrique.com\/store\/wp-json\/wp\/v2\/comments?post=525"}],"wp:featuredmedia":[{"embeddable":true,"href":"https:\/\/genesis-afrique.com\/store\/wp-json\/wp\/v2\/media\/526"}],"wp:attachment":[{"href":"https:\/\/genesis-afrique.com\/store\/wp-json\/wp\/v2\/media?parent=525"}],"wp:term":[{"taxonomy":"product_brand","embeddable":true,"href":"https:\/\/genesis-afrique.com\/store\/wp-json\/wp\/v2\/product_brand?post=525"},{"taxonomy":"product_cat","embeddable":true,"href":"https:\/\/genesis-afrique.com\/store\/wp-json\/wp\/v2\/product_cat?post=525"},{"taxonomy":"product_tag","embeddable":true,"href":"https:\/\/genesis-afrique.com\/store\/wp-json\/wp\/v2\/product_tag?post=525"}],"curies":[{"name":"wp","href":"https:\/\/api.w.org\/{rel}","templated":true}]}}