{"id":529,"date":"2023-02-27T15:14:17","date_gmt":"2023-02-27T15:14:17","guid":{"rendered":"https:\/\/genesis-afrique.com\/store\/?post_type=product&#038;p=529"},"modified":"2023-02-27T15:14:17","modified_gmt":"2023-02-27T15:14:17","slug":"smart-watch-gt6-deluxe-g-tab","status":"publish","type":"product","link":"https:\/\/genesis-afrique.com\/store\/produit\/smart-watch-gt6-deluxe-g-tab\/","title":{"rendered":"Smart Watch GT6 Deluxe G-TAB"},"content":{"rendered":"<p>Caract\u00e9ristiques :<\/p>\n<p class=\"_aacl _aaco _aacu _aacx _aad7 _aade\">_ \u00c9cran IPS 1,32&Prime;<br \/>\n_ SMS &#8211; Appels &#8211; Temp\u00e9rature corporelle &#8211; Cam\u00e9ra<br \/>\n_ Podom\u00e8tre &#8211; Chronom\u00e8tre &#8211; R\u00e9veil &#8211; M\u00e9t\u00e9o &#8211; Alarme<br \/>\n_ 24 Sports mode &#8211; Moniteur de sommeil &#8211; Fr\u00e9quence cardiaque<\/p>\n","protected":false},"excerpt":{"rendered":"<p>Caract\u00e9ristiques : _ \u00c9cran IPS 1,32&Prime; _ SMS &#8211; Appels &#8211; Temp\u00e9rature corporelle &#8211; Cam\u00e9ra _ Podom\u00e8tre &#8211; Chronom\u00e8tre &#8211;&hellip;<\/p>\n","protected":false},"featured_media":530,"comment_status":"open","ping_status":"closed","template":"","meta":{"om_disable_all_campaigns":false},"product_brand":[],"product_cat":[27],"product_tag":[],"class_list":{"0":"post-529","1":"product","2":"type-product","3":"status-publish","4":"has-post-thumbnail","6":"product_cat-electronique-electromenager","8":"first","9":"instock","10":"featured","11":"shipping-taxable","12":"purchasable","13":"product-type-simple"},"_links":{"self":[{"href":"https:\/\/genesis-afrique.com\/store\/wp-json\/wp\/v2\/product\/529","targetHints":{"allow":["GET"]}}],"collection":[{"href":"https:\/\/genesis-afrique.com\/store\/wp-json\/wp\/v2\/product"}],"about":[{"href":"https:\/\/genesis-afrique.com\/store\/wp-json\/wp\/v2\/types\/product"}],"replies":[{"embeddable":true,"href":"https:\/\/genesis-afrique.com\/store\/wp-json\/wp\/v2\/comments?post=529"}],"wp:featuredmedia":[{"embeddable":true,"href":"https:\/\/genesis-afrique.com\/store\/wp-json\/wp\/v2\/media\/530"}],"wp:attachment":[{"href":"https:\/\/genesis-afrique.com\/store\/wp-json\/wp\/v2\/media?parent=529"}],"wp:term":[{"taxonomy":"product_brand","embeddable":true,"href":"https:\/\/genesis-afrique.com\/store\/wp-json\/wp\/v2\/product_brand?post=529"},{"taxonomy":"product_cat","embeddable":true,"href":"https:\/\/genesis-afrique.com\/store\/wp-json\/wp\/v2\/product_cat?post=529"},{"taxonomy":"product_tag","embeddable":true,"href":"https:\/\/genesis-afrique.com\/store\/wp-json\/wp\/v2\/product_tag?post=529"}],"curies":[{"name":"wp","href":"https:\/\/api.w.org\/{rel}","templated":true}]}}