{"id":551,"date":"2023-02-27T19:07:45","date_gmt":"2023-02-27T19:07:45","guid":{"rendered":"https:\/\/genesis-afrique.com\/store\/?post_type=product&#038;p=551"},"modified":"2023-02-27T19:07:46","modified_gmt":"2023-02-27T19:07:46","slug":"cle-wifi-tp-link-150mbps-nano-usb","status":"publish","type":"product","link":"https:\/\/genesis-afrique.com\/store\/produit\/cle-wifi-tp-link-150mbps-nano-usb\/","title":{"rendered":"Cl\u00e9 Wifi TP-Link 150mbps Nano USB"},"content":{"rendered":"<p>Caract\u00e9ristiques :<\/p>\n<p>_ Wi-Fi N 150 Mbps, id\u00e9al pour la vid\u00e9o en ligne<\/p>\n<p>_ Touche de s\u00e9curit\u00e9, pour activer le cryptage tout simplement<\/p>\n<p>_ Compatible Windows &#8211; Mac OS<\/p>\n<p>_ Compatibilit\u00e9 802.11b\/g\/n<\/p>\n","protected":false},"excerpt":{"rendered":"<p>Caract\u00e9ristiques : _ Wi-Fi N 150 Mbps, id\u00e9al pour la vid\u00e9o en ligne _ Touche de s\u00e9curit\u00e9, pour activer le&hellip;<\/p>\n","protected":false},"featured_media":552,"comment_status":"open","ping_status":"closed","template":"","meta":{"om_disable_all_campaigns":false},"product_brand":[],"product_cat":[22],"product_tag":[],"class_list":{"0":"post-551","1":"product","2":"type-product","3":"status-publish","4":"has-post-thumbnail","6":"product_cat-informatique","8":"first","9":"instock","10":"featured","11":"shipping-taxable","12":"purchasable","13":"product-type-simple"},"_links":{"self":[{"href":"https:\/\/genesis-afrique.com\/store\/wp-json\/wp\/v2\/product\/551","targetHints":{"allow":["GET"]}}],"collection":[{"href":"https:\/\/genesis-afrique.com\/store\/wp-json\/wp\/v2\/product"}],"about":[{"href":"https:\/\/genesis-afrique.com\/store\/wp-json\/wp\/v2\/types\/product"}],"replies":[{"embeddable":true,"href":"https:\/\/genesis-afrique.com\/store\/wp-json\/wp\/v2\/comments?post=551"}],"wp:featuredmedia":[{"embeddable":true,"href":"https:\/\/genesis-afrique.com\/store\/wp-json\/wp\/v2\/media\/552"}],"wp:attachment":[{"href":"https:\/\/genesis-afrique.com\/store\/wp-json\/wp\/v2\/media?parent=551"}],"wp:term":[{"taxonomy":"product_brand","embeddable":true,"href":"https:\/\/genesis-afrique.com\/store\/wp-json\/wp\/v2\/product_brand?post=551"},{"taxonomy":"product_cat","embeddable":true,"href":"https:\/\/genesis-afrique.com\/store\/wp-json\/wp\/v2\/product_cat?post=551"},{"taxonomy":"product_tag","embeddable":true,"href":"https:\/\/genesis-afrique.com\/store\/wp-json\/wp\/v2\/product_tag?post=551"}],"curies":[{"name":"wp","href":"https:\/\/api.w.org\/{rel}","templated":true}]}}