{"id":680,"date":"2023-03-24T18:03:59","date_gmt":"2023-03-24T18:03:59","guid":{"rendered":"https:\/\/genesis-afrique.com\/store\/?post_type=product&#038;p=680"},"modified":"2023-03-24T18:03:59","modified_gmt":"2023-03-24T18:03:59","slug":"cable-hdmi-vers-hdmi-avec-connecteur-micro-hdmi-mini-hdmi","status":"publish","type":"product","link":"https:\/\/genesis-afrique.com\/store\/produit\/cable-hdmi-vers-hdmi-avec-connecteur-micro-hdmi-mini-hdmi\/","title":{"rendered":"C\u00e2ble HDMI vers HDMI avec Connecteur Micro HDMI &#038; Mini HDMI"},"content":{"rendered":"<p>C\u00e2ble HDMI 3 en 1 vers Micro HDMI + Mini HDMI + HDMI M\u00e2le-M\u00e2le<\/p>\n<p>Longueur du c\u00e2ble: 1.5 m &#8211; Couleur Noir<\/p>\n","protected":false},"excerpt":{"rendered":"<p>C\u00e2ble HDMI vers HDMI avec Double Connecteur Micro HDMI \/ Mini HDMI<\/p>\n","protected":false},"featured_media":681,"comment_status":"open","ping_status":"closed","template":"","meta":{"om_disable_all_campaigns":false},"product_brand":[],"product_cat":[22],"product_tag":[],"class_list":{"0":"post-680","1":"product","2":"type-product","3":"status-publish","4":"has-post-thumbnail","6":"product_cat-informatique","8":"first","9":"instock","10":"featured","11":"shipping-taxable","12":"purchasable","13":"product-type-simple"},"_links":{"self":[{"href":"https:\/\/genesis-afrique.com\/store\/wp-json\/wp\/v2\/product\/680","targetHints":{"allow":["GET"]}}],"collection":[{"href":"https:\/\/genesis-afrique.com\/store\/wp-json\/wp\/v2\/product"}],"about":[{"href":"https:\/\/genesis-afrique.com\/store\/wp-json\/wp\/v2\/types\/product"}],"replies":[{"embeddable":true,"href":"https:\/\/genesis-afrique.com\/store\/wp-json\/wp\/v2\/comments?post=680"}],"wp:featuredmedia":[{"embeddable":true,"href":"https:\/\/genesis-afrique.com\/store\/wp-json\/wp\/v2\/media\/681"}],"wp:attachment":[{"href":"https:\/\/genesis-afrique.com\/store\/wp-json\/wp\/v2\/media?parent=680"}],"wp:term":[{"taxonomy":"product_brand","embeddable":true,"href":"https:\/\/genesis-afrique.com\/store\/wp-json\/wp\/v2\/product_brand?post=680"},{"taxonomy":"product_cat","embeddable":true,"href":"https:\/\/genesis-afrique.com\/store\/wp-json\/wp\/v2\/product_cat?post=680"},{"taxonomy":"product_tag","embeddable":true,"href":"https:\/\/genesis-afrique.com\/store\/wp-json\/wp\/v2\/product_tag?post=680"}],"curies":[{"name":"wp","href":"https:\/\/api.w.org\/{rel}","templated":true}]}}