{"id":685,"date":"2023-03-27T15:53:36","date_gmt":"2023-03-27T15:53:36","guid":{"rendered":"https:\/\/genesis-afrique.com\/store\/?post_type=product&#038;p=685"},"modified":"2023-03-27T16:02:13","modified_gmt":"2023-03-27T16:02:13","slug":"adaptateur-usb-c-alpha-11-en-1-wiwu","status":"publish","type":"product","link":"https:\/\/genesis-afrique.com\/store\/produit\/adaptateur-usb-c-alpha-11-en-1-wiwu\/","title":{"rendered":"Adaptateur USB C Alpha 11 en 1 &#8211; WiWU"},"content":{"rendered":"<p>Le Hub USB-C Alpha 11 en 1 transforme votre port USB-C de votre ordinateur en hub de connexion pour tous vos appareils \u00e9lectroniques (moniteur, disque dur, cartes SD, enceintes audio, etc.)<\/p>\n<p>Fonctionne tr\u00e8s rapidement avec les cartes SD et MicroSD. Les 4 ports USB permettent de connecter un disque dur, un clavier, une souris, etc. et il est \u00e9quip\u00e9 d&rsquo;un port RJ45 Gigabit.<\/p>\n<p><strong>Interface :<\/strong> 4 USB &#8211; 1 HDMI &#8211; 1 Micro SD &#8211; 1 LAN GIGABIT RJ45 &#8211; 1 VGA &#8211; 1 St\u00e9r\u00e9o Jack &#8211; 1 Type C Prend en charge la mise en miroir en 4K sur projecteurs, \u00e9crans et t\u00e9l\u00e9viseurs.<\/p>\n","protected":false},"excerpt":{"rendered":"<p class=\"LC20lb MBeuO DKV0Md\">Adaptateur WIWU USB Type C ALPHA 11 en 1<\/p>\n","protected":false},"featured_media":686,"comment_status":"open","ping_status":"closed","template":"","meta":{"om_disable_all_campaigns":false},"product_brand":[],"product_cat":[22],"product_tag":[],"class_list":{"0":"post-685","1":"product","2":"type-product","3":"status-publish","4":"has-post-thumbnail","6":"product_cat-informatique","8":"first","9":"instock","10":"featured","11":"shipping-taxable","12":"purchasable","13":"product-type-simple"},"_links":{"self":[{"href":"https:\/\/genesis-afrique.com\/store\/wp-json\/wp\/v2\/product\/685","targetHints":{"allow":["GET"]}}],"collection":[{"href":"https:\/\/genesis-afrique.com\/store\/wp-json\/wp\/v2\/product"}],"about":[{"href":"https:\/\/genesis-afrique.com\/store\/wp-json\/wp\/v2\/types\/product"}],"replies":[{"embeddable":true,"href":"https:\/\/genesis-afrique.com\/store\/wp-json\/wp\/v2\/comments?post=685"}],"wp:featuredmedia":[{"embeddable":true,"href":"https:\/\/genesis-afrique.com\/store\/wp-json\/wp\/v2\/media\/686"}],"wp:attachment":[{"href":"https:\/\/genesis-afrique.com\/store\/wp-json\/wp\/v2\/media?parent=685"}],"wp:term":[{"taxonomy":"product_brand","embeddable":true,"href":"https:\/\/genesis-afrique.com\/store\/wp-json\/wp\/v2\/product_brand?post=685"},{"taxonomy":"product_cat","embeddable":true,"href":"https:\/\/genesis-afrique.com\/store\/wp-json\/wp\/v2\/product_cat?post=685"},{"taxonomy":"product_tag","embeddable":true,"href":"https:\/\/genesis-afrique.com\/store\/wp-json\/wp\/v2\/product_tag?post=685"}],"curies":[{"name":"wp","href":"https:\/\/api.w.org\/{rel}","templated":true}]}}