{"id":701,"date":"2023-03-28T12:58:55","date_gmt":"2023-03-28T12:58:55","guid":{"rendered":"https:\/\/genesis-afrique.com\/store\/?post_type=product&#038;p=701"},"modified":"2023-03-28T13:00:11","modified_gmt":"2023-03-28T13:00:11","slug":"cle-usb-3-1-sandisk-ultra-fit-32-gb","status":"publish","type":"product","link":"https:\/\/genesis-afrique.com\/store\/produit\/cle-usb-3-1-sandisk-ultra-fit-32-gb\/","title":{"rendered":"Cl\u00e9 USB 3.1 SanDisk Ultra Fit &#8211; 32 Gb"},"content":{"rendered":"<p>Capacit\u00e9 de <strong>32 Go<\/strong><\/p>\n<p>Connecteur USB 3.1 Gen 1<\/p>\n<p>Vitesse de transfert rapide : <strong>jusqu&rsquo;\u00e0 130 Mo\/s en lecture<\/strong><\/p>\n<p>Logiciel SanDisk <strong>SecureAccess <\/strong>fourni (compatible Windows XP \/ Vista \/ 7 et Mac OS X 10.5+)<\/p>\n<p>Logiciel de r\u00e9cup\u00e9ration de fichier <strong>RescuePRO Deluxe <\/strong>(n\u00e9cessite un t\u00e9l\u00e9chargement)<\/p>\n","protected":false},"excerpt":{"rendered":"<p class=\"title-1\">SanDisk Ultra Fit USB 3.1 Flash Drive 32 Gb<\/p>\n","protected":false},"featured_media":702,"comment_status":"open","ping_status":"closed","template":"","meta":{"om_disable_all_campaigns":false},"product_brand":[],"product_cat":[22,23],"product_tag":[],"class_list":{"0":"post-701","1":"product","2":"type-product","3":"status-publish","4":"has-post-thumbnail","6":"product_cat-informatique","7":"product_cat-fourniture","9":"first","10":"instock","11":"featured","12":"shipping-taxable","13":"purchasable","14":"product-type-simple"},"_links":{"self":[{"href":"https:\/\/genesis-afrique.com\/store\/wp-json\/wp\/v2\/product\/701","targetHints":{"allow":["GET"]}}],"collection":[{"href":"https:\/\/genesis-afrique.com\/store\/wp-json\/wp\/v2\/product"}],"about":[{"href":"https:\/\/genesis-afrique.com\/store\/wp-json\/wp\/v2\/types\/product"}],"replies":[{"embeddable":true,"href":"https:\/\/genesis-afrique.com\/store\/wp-json\/wp\/v2\/comments?post=701"}],"wp:featuredmedia":[{"embeddable":true,"href":"https:\/\/genesis-afrique.com\/store\/wp-json\/wp\/v2\/media\/702"}],"wp:attachment":[{"href":"https:\/\/genesis-afrique.com\/store\/wp-json\/wp\/v2\/media?parent=701"}],"wp:term":[{"taxonomy":"product_brand","embeddable":true,"href":"https:\/\/genesis-afrique.com\/store\/wp-json\/wp\/v2\/product_brand?post=701"},{"taxonomy":"product_cat","embeddable":true,"href":"https:\/\/genesis-afrique.com\/store\/wp-json\/wp\/v2\/product_cat?post=701"},{"taxonomy":"product_tag","embeddable":true,"href":"https:\/\/genesis-afrique.com\/store\/wp-json\/wp\/v2\/product_tag?post=701"}],"curies":[{"name":"wp","href":"https:\/\/api.w.org\/{rel}","templated":true}]}}