{"id":744,"date":"2023-04-20T13:59:29","date_gmt":"2023-04-20T13:59:29","guid":{"rendered":"https:\/\/genesis-afrique.com\/store\/?post_type=product&#038;p=744"},"modified":"2023-04-20T13:59:29","modified_gmt":"2023-04-20T13:59:29","slug":"ensemble-clavier-et-souris-sans-fil-logitech-mk270","status":"publish","type":"product","link":"https:\/\/genesis-afrique.com\/store\/produit\/ensemble-clavier-et-souris-sans-fil-logitech-mk270\/","title":{"rendered":"Ensemble Clavier et Souris sans fil Logitech MK270"},"content":{"rendered":"<p>L\u2019ensemble sans fil MK270 allie le confort et l\u2019utilit\u00e9 d\u2019un clavier de taille standard avec une souris compacte et profil\u00e9e.<\/p>\n<p>Avec des touches multim\u00e9dia, un pav\u00e9 num\u00e9rique et un contr\u00f4le pr\u00e9cis du curseur, votre travail sera beaucoup plus fluide.<\/p>\n<p>De plus, la technologie sans fil sans d\u00e9calage facilite l\u2019installation et permet de gagner de la place sur votre bureau. L\u2019ensemble le plus vendu au monde.<\/p>\n<div class=\"cmp-accordion__header panel-header\">\n<p>Contenu du coffret :<\/p>\n<\/div>\n<div class=\"panel-content-wrapper\">\n<div class=\"cmp-accordion__panel cmp-accordion__panel--hidden panel-content\" role=\"region\" data-cmp-hook-accordion=\"panel\" aria-hidden=\"false\" aria-label=\"Contenu du coffret\">\n<div class=\"text-aem\">\n<div id=\"item_2\" class=\"body-copy aem-margin-options\">\n<div class=\"content-ctn aem-content-ctn rte-field \">\n<div class=\"aem-padding-options\" data-aem-id=\"-padding-options\">\n<div class=\"specs-column\">\n<div class=\"specs-group\">\n<div class=\"specs-block\">\n<ul class=\"specs-description-list\">\n<li>Clavier avec 2 piles AAA<\/li>\n<li>Souris avec 1 pile AA<\/li>\n<li>R\u00e9cepteur USB<\/li>\n<li>Documentation utilisateur<\/li>\n<\/ul>\n<p>Disposition : QWERTY<\/p>\n<\/div>\n<\/div>\n<\/div>\n<\/div>\n<\/div>\n<\/div>\n<\/div>\n<\/div>\n<\/div>\n","protected":false},"excerpt":{"rendered":"<p>MK270 Wireless Keyboard and Mouse Combo<\/p>\n","protected":false},"featured_media":747,"comment_status":"open","ping_status":"closed","template":"","meta":{"om_disable_all_campaigns":false},"product_brand":[],"product_cat":[22,23],"product_tag":[],"class_list":{"0":"post-744","1":"product","2":"type-product","3":"status-publish","4":"has-post-thumbnail","6":"product_cat-informatique","7":"product_cat-fourniture","9":"first","10":"instock","11":"featured","12":"shipping-taxable","13":"purchasable","14":"product-type-simple"},"_links":{"self":[{"href":"https:\/\/genesis-afrique.com\/store\/wp-json\/wp\/v2\/product\/744","targetHints":{"allow":["GET"]}}],"collection":[{"href":"https:\/\/genesis-afrique.com\/store\/wp-json\/wp\/v2\/product"}],"about":[{"href":"https:\/\/genesis-afrique.com\/store\/wp-json\/wp\/v2\/types\/product"}],"replies":[{"embeddable":true,"href":"https:\/\/genesis-afrique.com\/store\/wp-json\/wp\/v2\/comments?post=744"}],"wp:featuredmedia":[{"embeddable":true,"href":"https:\/\/genesis-afrique.com\/store\/wp-json\/wp\/v2\/media\/747"}],"wp:attachment":[{"href":"https:\/\/genesis-afrique.com\/store\/wp-json\/wp\/v2\/media?parent=744"}],"wp:term":[{"taxonomy":"product_brand","embeddable":true,"href":"https:\/\/genesis-afrique.com\/store\/wp-json\/wp\/v2\/product_brand?post=744"},{"taxonomy":"product_cat","embeddable":true,"href":"https:\/\/genesis-afrique.com\/store\/wp-json\/wp\/v2\/product_cat?post=744"},{"taxonomy":"product_tag","embeddable":true,"href":"https:\/\/genesis-afrique.com\/store\/wp-json\/wp\/v2\/product_tag?post=744"}],"curies":[{"name":"wp","href":"https:\/\/api.w.org\/{rel}","templated":true}]}}